{"id":854,"date":"2021-01-04T12:10:35","date_gmt":"2021-01-04T11:10:35","guid":{"rendered":"https:\/\/venite.com.pl\/?page_id=854"},"modified":"2021-01-04T13:21:46","modified_gmt":"2021-01-04T12:21:46","slug":"vidi","status":"publish","type":"page","link":"https:\/\/venite.com.pl\/en\/vidi\/","title":{"rendered":"VIDI"},"content":{"rendered":"\t\t<div data-elementor-type=\"wp-page\" data-elementor-id=\"854\" class=\"elementor elementor-854\">\n\t\t\t\t\t\t<section class=\"elementor-section elementor-top-section elementor-element elementor-element-8eb9118 elementor-section-boxed elementor-section-height-default elementor-section-height-default\" data-id=\"8eb9118\" data-element_type=\"section\">\n\t\t\t\t\t\t<div class=\"elementor-container elementor-column-gap-default\">\n\t\t\t\t\t<div class=\"elementor-column elementor-col-100 elementor-top-column elementor-element elementor-element-bbbe039\" data-id=\"bbbe039\" data-element_type=\"column\">\n\t\t\t<div class=\"elementor-widget-wrap elementor-element-populated\">\n\t\t\t\t\t\t<div class=\"elementor-element elementor-element-9e438b5 elementor-widget-divider--view-line elementor-widget elementor-widget-divider\" data-id=\"9e438b5\" data-element_type=\"widget\" data-widget_type=\"divider.default\">\n\t\t\t\t<div class=\"elementor-widget-container\">\n\t\t\t\t\t<div class=\"elementor-divider\">\n\t\t\t<span class=\"elementor-divider-separator\">\n\t\t\t\t\t\t<\/span>\n\t\t<\/div>\n\t\t\t\t<\/div>\n\t\t\t\t<\/div>\n\t\t\t\t<div class=\"elementor-element elementor-element-e453c86 elementor-widget elementor-widget-heading\" data-id=\"e453c86\" data-element_type=\"widget\" data-widget_type=\"heading.default\">\n\t\t\t\t<div class=\"elementor-widget-container\">\n\t\t\t<h2 class=\"elementor-heading-title elementor-size-default\">VIDI<\/h2>\t\t<\/div>\n\t\t\t\t<\/div>\n\t\t\t\t\t<\/div>\n\t\t<\/div>\n\t\t\t\t\t<\/div>\n\t\t<\/section>\n\t\t\t\t<section class=\"elementor-section elementor-top-section elementor-element elementor-element-ca12faa elementor-section-boxed elementor-section-height-default elementor-section-height-default\" data-id=\"ca12faa\" data-element_type=\"section\">\n\t\t\t\t\t\t<div class=\"elementor-container elementor-column-gap-default\">\n\t\t\t\t\t<div class=\"elementor-column elementor-col-100 elementor-top-column elementor-element elementor-element-fd0e6d4\" data-id=\"fd0e6d4\" data-element_type=\"column\">\n\t\t\t<div class=\"elementor-widget-wrap elementor-element-populated\">\n\t\t\t\t\t\t<div class=\"elementor-element elementor-element-8bd4426 elementor-widget elementor-widget-image\" data-id=\"8bd4426\" data-element_type=\"widget\" data-widget_type=\"image.default\">\n\t\t\t\t<div class=\"elementor-widget-container\">\n\t\t\t\t\t\t\t\t\t\t\t\t\t<img fetchpriority=\"high\" decoding=\"async\" width=\"1920\" height=\"770\" src=\"https:\/\/venite.com.pl\/wp-content\/uploads\/2021\/01\/vidim.png\" class=\"attachment-full size-full wp-image-861\" alt=\"\" srcset=\"https:\/\/venite.com.pl\/wp-content\/uploads\/2021\/01\/vidim.png 1920w, https:\/\/venite.com.pl\/wp-content\/uploads\/2021\/01\/vidim-300x120.png 300w, https:\/\/venite.com.pl\/wp-content\/uploads\/2021\/01\/vidim-1024x411.png 1024w, https:\/\/venite.com.pl\/wp-content\/uploads\/2021\/01\/vidim-768x308.png 768w, https:\/\/venite.com.pl\/wp-content\/uploads\/2021\/01\/vidim-1536x616.png 1536w, https:\/\/venite.com.pl\/wp-content\/uploads\/2021\/01\/vidim-600x241.png 600w\" sizes=\"(max-width: 1920px) 100vw, 1920px\" \/>\t\t\t\t\t\t\t\t\t\t\t\t\t<\/div>\n\t\t\t\t<\/div>\n\t\t\t\t<div class=\"elementor-element elementor-element-9be0fbe elementor-widget elementor-widget-text-editor\" data-id=\"9be0fbe\" data-element_type=\"widget\" data-widget_type=\"text-editor.default\">\n\t\t\t\t<div class=\"elementor-widget-container\">\n\t\t\t\t\t\t\t<p style=\"text-align: justify;\"><span style=\"caret-color: #686868; color: #686868; font-family: 'Roboto', sans-serif; font-size: 15px; text-align: justify;\">Venite VIDI jest systemem kontroli dost\u0119pu u\u017cytkownik\u00f3w do budynku lub jego poszczeg\u00f3lnych cz\u0119\u015bci. Pozwala smartfonom przej\u0105\u0107 funkcj\u0119 kart dost\u0119powych u\u017cywanych w biurach, hotelach, budynkach mieszkalnych lub pilot\u00f3w stosowanych w bramach gara\u017cowych i szlabanach. Mo\u017ce by\u0107 zintegrowany we wsp\u00f3lnym systemie, sk\u0142adaj\u0105cym si\u0119 z odpowiednich urz\u0105dze\u0144, oprogramowania i interfejsu u\u017cytkownik\u00f3w.<\/span><\/p><h3 style=\"; color: #686868; font-family: 'Roboto', sans-serif;\">KORZY\u015aCI<\/h3><ul><li><strong>Poprawa bezpiecze\u0144stwa i sprawno\u015bci przep\u0142ywu ludzi<\/strong> \u2013 wsp\u00f3lna kontrola dost\u0119pu do budynku dzi\u0119ki integracji\u00a0emulatora z zamkiem\u00a0elektronicznym,\u00a0ryglam, bramk\u0105,\u00a0szlabanem, bramy przesuwne, bram\u0105 gara\u017cow\u0105.<\/li><li><strong>Proste projektowanie, instalacja i obs\u0142uga<\/strong> \u2013 jeden system, jeden dostawca wszystkich us\u0142ug instalacyjnych .<\/li><li><strong>\u0141atwo\u015b\u0107 dostosowywania<\/strong> \u2013 system mo\u017cna modyfikowa\u0107 odpowiednio do zmieniaj\u0105cych si\u0119 potrzeb<\/li><\/ul><p style=\"text-align: justify;\"><span style=\"caret-color: #686868; color: #686868; font-family: 'Roboto', sans-serif; font-size: 15px; text-align: justify;\">Dzi\u0119ki systemowi kontroli dost\u0119pu Venite VIDI administrator oraz inne uprawnione osoby maj\u0105 mo\u017cliwo\u015b\u0107 nadawania lub ograniczania prawa dost\u0119pu dla poszczeg\u00f3lnych os\u00f3b.<\/span><\/p><p style=\"text-align: center;\"><strong><span style=\"caret-color: #686868; color: #686868; font-family: 'Roboto', sans-serif; font-size: 15px; text-align: justify;\">Zaloguj si\u0119 do Panelu administracyjnego<\/span><\/strong><\/p>\t\t\t\t\t\t<\/div>\n\t\t\t\t<\/div>\n\t\t\t\t<div class=\"elementor-element elementor-element-a241b7e elementor-align-center elementor-widget elementor-widget-button\" data-id=\"a241b7e\" data-element_type=\"widget\" data-widget_type=\"button.default\">\n\t\t\t\t<div class=\"elementor-widget-container\">\n\t\t\t\t\t<div class=\"elementor-button-wrapper\">\n\t\t\t<a class=\"elementor-button elementor-button-link elementor-size-sm\" href=\"https:\/\/wizlabs.pl\/venite\/pages\/card-possession-details?cardId=21&#038;cardPossessionId=5\">\n\t\t\t\t\t\t<span class=\"elementor-button-content-wrapper\">\n\t\t\t\t\t\t\t\t\t<span class=\"elementor-button-text\">Zaloguj<\/span>\n\t\t\t\t\t<\/span>\n\t\t\t\t\t<\/a>\n\t\t<\/div>\n\t\t\t\t<\/div>\n\t\t\t\t<\/div>\n\t\t\t\t<div class=\"elementor-element elementor-element-923c216 elementor-widget-divider--view-line elementor-widget elementor-widget-divider\" data-id=\"923c216\" data-element_type=\"widget\" data-widget_type=\"divider.default\">\n\t\t\t\t<div class=\"elementor-widget-container\">\n\t\t\t\t\t<div class=\"elementor-divider\">\n\t\t\t<span class=\"elementor-divider-separator\">\n\t\t\t\t\t\t<\/span>\n\t\t<\/div>\n\t\t\t\t<\/div>\n\t\t\t\t<\/div>\n\t\t\t\t\t<\/div>\n\t\t<\/div>\n\t\t\t\t\t<\/div>\n\t\t<\/section>\n\t\t\t\t<section class=\"elementor-section elementor-top-section elementor-element elementor-element-b8040df elementor-section-boxed elementor-section-height-default elementor-section-height-default\" data-id=\"b8040df\" data-element_type=\"section\">\n\t\t\t\t\t\t\t<div class=\"elementor-background-overlay\"><\/div>\n\t\t\t\t\t\t\t<div class=\"elementor-container elementor-column-gap-default\">\n\t\t\t\t\t<div class=\"elementor-column elementor-col-100 elementor-top-column elementor-element elementor-element-70b6cc9\" data-id=\"70b6cc9\" data-element_type=\"column\" data-settings=\"{&quot;background_background&quot;:&quot;slideshow&quot;,&quot;background_slideshow_gallery&quot;:[{&quot;id&quot;:87,&quot;url&quot;:&quot;http:\\\/\\\/venite.com.pl\\\/wp-content\\\/uploads\\\/2020\\\/08\\\/parallax-contact.jpg&quot;}],&quot;background_slideshow_slide_duration&quot;:4999,&quot;background_slideshow_ken_burns&quot;:&quot;yes&quot;,&quot;background_slideshow_ken_burns_zoom_direction&quot;:&quot;out&quot;,&quot;background_slideshow_loop&quot;:&quot;yes&quot;,&quot;background_slideshow_slide_transition&quot;:&quot;fade&quot;,&quot;background_slideshow_transition_duration&quot;:500}\">\n\t\t\t<div class=\"elementor-widget-wrap elementor-element-populated\">\n\t\t\t\t\t\t<section class=\"elementor-section elementor-inner-section elementor-element elementor-element-836210f elementor-section-boxed elementor-section-height-default elementor-section-height-default\" data-id=\"836210f\" data-element_type=\"section\">\n\t\t\t\t\t\t<div class=\"elementor-container elementor-column-gap-default\">\n\t\t\t\t\t<div class=\"elementor-column elementor-col-50 elementor-inner-column elementor-element elementor-element-cd019ca\" data-id=\"cd019ca\" data-element_type=\"column\">\n\t\t\t<div class=\"elementor-widget-wrap elementor-element-populated\">\n\t\t\t\t\t\t<div class=\"elementor-element elementor-element-fbfad07 elementor-widget elementor-widget-text-editor\" data-id=\"fbfad07\" data-element_type=\"widget\" data-widget_type=\"text-editor.default\">\n\t\t\t\t<div class=\"elementor-widget-container\">\n\t\t\t\t\t\t\t<h2 style=\"caret-color: #686868; color: #fff; font-family: 'Roboto', sans-serif; font-size: 30px; text-align: justify;\">\u00a0 \u00a0WSPARCIE<\/h2><p>\u00a0<\/p>\t\t\t\t\t\t<\/div>\n\t\t\t\t<\/div>\n\t\t\t\t<div class=\"elementor-element elementor-element-5b4b79c elementor-widget elementor-widget-text-editor\" data-id=\"5b4b79c\" data-element_type=\"widget\" data-widget_type=\"text-editor.default\">\n\t\t\t\t<div class=\"elementor-widget-container\">\n\t\t\t\t\t\t\t<p style=\"text-align: center;\"><span style=\"caret-color: #686868; color: #ffffff; font-family: 'Roboto', sans-serif; font-size: 20px;\">Venite Sp. z o.o.<\/span><\/p>\n<p style=\"text-align: center;\"><span style=\"caret-color: #686868; color: #ffffff; font-family: 'Roboto', sans-serif; font-size: 20px;\">ul. Starowiejska 16\/2,<\/span><\/p>\n<p style=\"text-align: center;\"><span style=\"caret-color: #686868; color: #ffffff; font-family: 'Roboto', sans-serif; font-size: 20px;\">81-356 Gdynia<\/span><\/p>\n<p style=\"text-align: center;\"><span style=\"caret-color: #686868; color: #ffffff; font-family: 'Roboto', sans-serif; font-size: 20px;\"><a href=\"&#x6d;a&#x69;&#108;&#x74;&#111;&#x3a;&#x6b;o&#x6e;&#116;&#x61;&#107;&#x74;&#64;v&#x65;&#110;&#x69;&#116;&#x65;&#46;c&#x6f;&#109;&#x2e;&#112;&#x6c;\"><p style=\"text-align: center;\"><span style=\"caret-color: #686868; color: #ffffff; font-family: 'Roboto', sans-serif; font-size: 20px;\">e-mail: &#107;&#x6f;n&#x74;a&#107;&#x74;&#64;&#x76;e&#110;&#x69;&#116;&#x65;&#46;&#x63;&#x6f;&#109;&#x2e;p&#x6c;<\/p><\/a><\/span><\/p>\n<p style=\"text-align: center;\"><span style=\"caret-color: #686868; color: #ffffff; font-family: 'Roboto', sans-serif; font-size: 20px;\"><a href=\"tel:+48514086566\"><p style=\"text-align: center;\"><span style=\"caret-color: #686868; color: #ffffff; font-family: 'Roboto', sans-serif; font-size: 20px;\">Tel: +48 514 086 566<\/span><\/p><\/a><\/p>\t\t\t\t\t\t<\/div>\n\t\t\t\t<\/div>\n\t\t\t\t\t<\/div>\n\t\t<\/div>\n\t\t\t\t<div class=\"elementor-column elementor-col-50 elementor-inner-column elementor-element elementor-element-ee21f95\" data-id=\"ee21f95\" data-element_type=\"column\">\n\t\t\t<div class=\"elementor-widget-wrap elementor-element-populated\">\n\t\t\t\t\t\t<div class=\"elementor-element elementor-element-ac41b34 elementor-widget elementor-widget-shortcode\" data-id=\"ac41b34\" data-element_type=\"widget\" data-widget_type=\"shortcode.default\">\n\t\t\t\t<div class=\"elementor-widget-container\">\n\t\t\t\t\t<div class=\"elementor-shortcode\"><div class=\"wpforms-container wpforms-container-full\" id=\"wpforms-85\"><form id=\"wpforms-form-85\" class=\"wpforms-validate wpforms-form\" data-formid=\"85\" method=\"post\" enctype=\"multipart\/form-data\" action=\"\/en\/wp-json\/wp\/v2\/pages\/854\" data-token=\"a5fa986cacd8ee4776c89aa04877a1af\" data-token-time=\"1778072881\"><noscript class=\"wpforms-error-noscript\">Please enable JavaScript in your browser to complete this form.<\/noscript><div class=\"wpforms-field-container\"><div id=\"wpforms-85-field_0-container\" class=\"wpforms-field wpforms-field-name wpname\" data-field-id=\"0\"><label class=\"wpforms-field-label wpforms-label-hide\" for=\"wpforms-85-field_0\">Imi\u0119 <span class=\"wpforms-required-label\">*<\/span><\/label><div class=\"wpforms-field-row wpforms-field-medium\"><div class=\"wpforms-field-row-block wpforms-first wpforms-one-half\"><input type=\"text\" id=\"wpforms-85-field_0\" class=\"wpforms-field-name-first wpforms-field-required\" name=\"wpforms[fields][0][first]\" placeholder=\"Imi\u0119\" required><label for=\"wpforms-85-field_0\" class=\"wpforms-field-sublabel after wpforms-sublabel-hide\">First<\/label><\/div><div class=\"wpforms-field-row-block wpforms-one-half\"><input type=\"text\" id=\"wpforms-85-field_0-last\" class=\"wpforms-field-name-last wpforms-field-required\" name=\"wpforms[fields][0][last]\" placeholder=\"Nazwisko\" required><label for=\"wpforms-85-field_0-last\" class=\"wpforms-field-sublabel after wpforms-sublabel-hide\">Last<\/label><\/div><\/div><\/div><div id=\"wpforms-85-field_3-container\" class=\"wpforms-field wpforms-field-text wpsubject\" data-field-id=\"3\"><label class=\"wpforms-field-label wpforms-label-hide\" for=\"wpforms-85-field_3\">Temat <span class=\"wpforms-required-label\">*<\/span><\/label><input type=\"text\" id=\"wpforms-85-field_3\" class=\"wpforms-field-medium wpforms-field-required\" name=\"wpforms[fields][3]\" placeholder=\"Temat\" required><\/div><div id=\"wpforms-85-field_1-container\" class=\"wpforms-field wpforms-field-email wpemail\" data-field-id=\"1\"><label class=\"wpforms-field-label wpforms-label-hide\" for=\"wpforms-85-field_1\">Email <span class=\"wpforms-required-label\">*<\/span><\/label><input type=\"email\" id=\"wpforms-85-field_1\" class=\"wpforms-field-medium wpforms-field-required\" name=\"wpforms[fields][1]\" placeholder=\"Email\" spellcheck=\"false\" required><\/div><div id=\"wpforms-85-field_2-container\" class=\"wpforms-field wpforms-field-textarea wptext\" data-field-id=\"2\"><label class=\"wpforms-field-label wpforms-label-hide\" for=\"wpforms-85-field_2\">Comment or Message <span class=\"wpforms-required-label\">*<\/span><\/label><textarea id=\"wpforms-85-field_2\" class=\"wpforms-field-medium wpforms-field-required\" name=\"wpforms[fields][2]\" placeholder=\"Wiadomo\u015b\u0107\" required><\/textarea><\/div><\/div><!-- .wpforms-field-container --><div class=\"wpforms-field wpforms-field-hp\"><label for=\"wpforms-85-field-hp\" class=\"wpforms-field-label\">Comment<\/label><input type=\"text\" name=\"wpforms[hp]\" id=\"wpforms-85-field-hp\" class=\"wpforms-field-medium\"><\/div><div class=\"wpforms-recaptcha-container wpforms-is-recaptcha wpforms-is-recaptcha-type-v3\" ><input type=\"hidden\" name=\"wpforms[recaptcha]\" value=\"\"><\/div><div class=\"wpforms-submit-container\" ><input type=\"hidden\" name=\"wpforms[id]\" value=\"85\"><input type=\"hidden\" name=\"page_title\" value=\"\"><input type=\"hidden\" name=\"page_url\" value=\"https:\/\/venite.com.pl\/en\/wp-json\/wp\/v2\/pages\/854\"><input type=\"hidden\" name=\"url_referer\" value=\"\"><button type=\"submit\" name=\"wpforms[submit]\" id=\"wpforms-submit-85\" class=\"wpforms-submit\" data-alt-text=\"Wysy\u0142anie....\" data-submit-text=\"Wy\u015blij\" aria-live=\"assertive\" value=\"wpforms-submit\">Wy\u015blij<\/button><\/div><\/form><\/div>  <!-- .wpforms-container --><\/div>\n\t\t\t\t<\/div>\n\t\t\t\t<\/div>\n\t\t\t\t\t<\/div>\n\t\t<\/div>\n\t\t\t\t\t<\/div>\n\t\t<\/section>\n\t\t\t\t\t<\/div>\n\t\t<\/div>\n\t\t\t\t\t<\/div>\n\t\t<\/section>\n\t\t\t\t<\/div>\n\t\t","protected":false},"excerpt":{"rendered":"<p>VIDI Venite VIDI jest systemem kontroli dost\u0119pu u\u017cytkownik\u00f3w do budynku lub jego poszczeg\u00f3lnych cz\u0119\u015bci. Pozwala smartfonom przej\u0105\u0107 funkcj\u0119 kart dost\u0119powych u\u017cywanych w biurach, hotelach, budynkach mieszkalnych lub pilot\u00f3w stosowanych w &#8230;<\/p>","protected":false},"author":2,"featured_media":0,"parent":0,"menu_order":0,"comment_status":"closed","ping_status":"closed","template":"","meta":{"content-type":""},"_links":{"self":[{"href":"https:\/\/venite.com.pl\/en\/wp-json\/wp\/v2\/pages\/854"}],"collection":[{"href":"https:\/\/venite.com.pl\/en\/wp-json\/wp\/v2\/pages"}],"about":[{"href":"https:\/\/venite.com.pl\/en\/wp-json\/wp\/v2\/types\/page"}],"author":[{"embeddable":true,"href":"https:\/\/venite.com.pl\/en\/wp-json\/wp\/v2\/users\/2"}],"replies":[{"embeddable":true,"href":"https:\/\/venite.com.pl\/en\/wp-json\/wp\/v2\/comments?post=854"}],"version-history":[{"count":21,"href":"https:\/\/venite.com.pl\/en\/wp-json\/wp\/v2\/pages\/854\/revisions"}],"predecessor-version":[{"id":882,"href":"https:\/\/venite.com.pl\/en\/wp-json\/wp\/v2\/pages\/854\/revisions\/882"}],"wp:attachment":[{"href":"https:\/\/venite.com.pl\/en\/wp-json\/wp\/v2\/media?parent=854"}],"curies":[{"name":"wp","href":"https:\/\/api.w.org\/{rel}","templated":true}]}}