{"id":638,"date":"2020-12-21T11:47:58","date_gmt":"2020-12-21T10:47:58","guid":{"rendered":"http:\/\/venite.com.pl\/?post_type=product&#038;p=638"},"modified":"2022-03-18T14:50:18","modified_gmt":"2022-03-18T13:50:18","slug":"wirtualna-karta-dostepu","status":"publish","type":"product","link":"https:\/\/venite.com.pl\/en\/product\/wirtualna-karta-dostepu\/","title":{"rendered":"Wirtualna Karta Dost\u0119pu"},"content":{"rendered":"<p>Wirtualna karta do systemu Venite, karta jest kompatybilna z systemem VENITE EMU i VENITE GARAGE<\/p>\n<p><strong>Podczas zakupu prosz\u0119 pami\u0119ta\u0107 o podaniu w formularzu zam\u00f3wienia adres email kt\u00f3ry s\u0142u\u017cy\u0142 do za\u0142o\u017cenia konta w aplikacji <\/strong><\/p>","protected":false},"excerpt":{"rendered":"<p>Wirtualna karta do systemu Venite<\/p>","protected":false},"featured_media":774,"template":"","meta":{"content-type":""},"product_cat":[26],"product_tag":[19,23,18,20,21,22],"_links":{"self":[{"href":"https:\/\/venite.com.pl\/en\/wp-json\/wp\/v2\/product\/638"}],"collection":[{"href":"https:\/\/venite.com.pl\/en\/wp-json\/wp\/v2\/product"}],"about":[{"href":"https:\/\/venite.com.pl\/en\/wp-json\/wp\/v2\/types\/product"}],"wp:featuredmedia":[{"embeddable":true,"href":"https:\/\/venite.com.pl\/en\/wp-json\/wp\/v2\/media\/774"}],"wp:attachment":[{"href":"https:\/\/venite.com.pl\/en\/wp-json\/wp\/v2\/media?parent=638"}],"wp:term":[{"taxonomy":"product_cat","embeddable":true,"href":"https:\/\/venite.com.pl\/en\/wp-json\/wp\/v2\/product_cat?post=638"},{"taxonomy":"product_tag","embeddable":true,"href":"https:\/\/venite.com.pl\/en\/wp-json\/wp\/v2\/product_tag?post=638"}],"curies":[{"name":"wp","href":"https:\/\/api.w.org\/{rel}","templated":true}]}}