{"id":672,"date":"2020-12-21T12:01:09","date_gmt":"2020-12-21T11:01:09","guid":{"rendered":"http:\/\/venite.com.pl\/?post_type=product&#038;p=672"},"modified":"2021-08-06T11:46:04","modified_gmt":"2021-08-06T09:46:04","slug":"venite-garage","status":"publish","type":"product","link":"https:\/\/venite.com.pl\/en\/product\/venite-garage\/","title":{"rendered":"Venite Garage"},"content":{"rendered":"<p>Urz\u0105dzenie to pozwala w bardzo szybki spos\u00f3b adaptowa\u0107 istniej\u0105cy system podnoszenia bram lub szlaban\u00f3w obs\u0142ugiwanych przy pomocy tradycyjnych pilot\u00f3w. Urz\u0105dzenie jest zasilane bateri\u0105 typ D. Czas pracy urz\u0105dzenia do 5 lat. Urz\u0105dzenie emuluj\u0105ce wystarczy umie\u015bci\u0107 w pobli\u017cu bramy gara\u017cowej. Jest ono montowane za pomoc\u0105 ta\u015bmy samoprzylepnej dwustronnej.<\/p>","protected":false},"excerpt":{"rendered":"<p>Wirtualny pilot do twojej bramy, szlabanu.<\/p>","protected":false},"featured_media":772,"template":"","meta":{"content-type":""},"product_cat":[27],"product_tag":[],"_links":{"self":[{"href":"https:\/\/venite.com.pl\/en\/wp-json\/wp\/v2\/product\/672"}],"collection":[{"href":"https:\/\/venite.com.pl\/en\/wp-json\/wp\/v2\/product"}],"about":[{"href":"https:\/\/venite.com.pl\/en\/wp-json\/wp\/v2\/types\/product"}],"wp:featuredmedia":[{"embeddable":true,"href":"https:\/\/venite.com.pl\/en\/wp-json\/wp\/v2\/media\/772"}],"wp:attachment":[{"href":"https:\/\/venite.com.pl\/en\/wp-json\/wp\/v2\/media?parent=672"}],"wp:term":[{"taxonomy":"product_cat","embeddable":true,"href":"https:\/\/venite.com.pl\/en\/wp-json\/wp\/v2\/product_cat?post=672"},{"taxonomy":"product_tag","embeddable":true,"href":"https:\/\/venite.com.pl\/en\/wp-json\/wp\/v2\/product_tag?post=672"}],"curies":[{"name":"wp","href":"https:\/\/api.w.org\/{rel}","templated":true}]}}